{"id":4,"date":"2017-11-14T10:09:49","date_gmt":"2017-11-14T10:09:49","guid":{"rendered":"http:\/\/milos-villavenus.codibee.solutions\/home\/"},"modified":"2021-05-19T12:12:06","modified_gmt":"2021-05-19T12:12:06","slug":"home","status":"publish","type":"page","link":"https:\/\/www.milos-villavenus.gr\/it\/","title":{"rendered":"Premessa"},"content":{"rendered":"<p>Una combinazione armoniosa di lusso disadorno e di tradizione cicladica, Villa Venus \u00e8 la proposta assoluta per far conoscere ai visitatori la magia di Milos. Qui, l&#8217;ambiente ideale per rilassarsi e la vera ospitalit\u00e0 greca sodisfaranno tutti i vostri sensi, creando un&#8217;esperienza di soggiorno indimenticabile. La nostra priorit\u00e0 \u00e8 quella di rendere realt\u00e0 i vostri sogni. Villa Venus \u00e8 tra i primi 10% degli hotel in tutto il mondo su TripAdvisor per il 2020 &#038; 2021!<\/p>","protected":false},"excerpt":{"rendered":"<p>Una combinazione armoniosa di lusso disadorno e di tradizione cicladica, Villa Venus \u00e8 la proposta assoluta per far conoscere ai visitatori la magia di Milos. Qui, l&#8217;ambiente ideale per rilassarsi e la vera ospitalit\u00e0 greca sodisfaranno tutti i vostri sensi, creando un&#8217;esperienza di soggiorno indimenticabile. La nostra priorit\u00e0 \u00e8 quella di rendere realt\u00e0 i vostri [&hellip;]<\/p>\n","protected":false},"author":1,"featured_media":37,"parent":0,"menu_order":0,"comment_status":"closed","ping_status":"closed","template":"","meta":{"footnotes":""},"class_list":["post-4","page","type-page","status-publish","has-post-thumbnail","hentry"],"_links":{"self":[{"href":"https:\/\/www.milos-villavenus.gr\/it\/wp-json\/wp\/v2\/pages\/4","targetHints":{"allow":["GET"]}}],"collection":[{"href":"https:\/\/www.milos-villavenus.gr\/it\/wp-json\/wp\/v2\/pages"}],"about":[{"href":"https:\/\/www.milos-villavenus.gr\/it\/wp-json\/wp\/v2\/types\/page"}],"author":[{"embeddable":true,"href":"https:\/\/www.milos-villavenus.gr\/it\/wp-json\/wp\/v2\/users\/1"}],"replies":[{"embeddable":true,"href":"https:\/\/www.milos-villavenus.gr\/it\/wp-json\/wp\/v2\/comments?post=4"}],"version-history":[{"count":3,"href":"https:\/\/www.milos-villavenus.gr\/it\/wp-json\/wp\/v2\/pages\/4\/revisions"}],"predecessor-version":[{"id":218,"href":"https:\/\/www.milos-villavenus.gr\/it\/wp-json\/wp\/v2\/pages\/4\/revisions\/218"}],"wp:featuredmedia":[{"embeddable":true,"href":"https:\/\/www.milos-villavenus.gr\/it\/wp-json\/wp\/v2\/media\/37"}],"wp:attachment":[{"href":"https:\/\/www.milos-villavenus.gr\/it\/wp-json\/wp\/v2\/media?parent=4"}],"curies":[{"name":"wp","href":"https:\/\/api.w.org\/{rel}","templated":true}]}}